{"id":1925,"date":"2025-02-20T09:16:27","date_gmt":"2025-02-20T09:16:27","guid":{"rendered":"https:\/\/www.pddvitalmm.ro\/?page_id=1925"},"modified":"2025-02-26T14:07:56","modified_gmt":"2025-02-26T14:07:56","slug":"protectia-datelor","status":"publish","type":"page","link":"https:\/\/www.pddvitalmm.ro\/en\/protectia-datelor\/","title":{"rendered":"COOKIES"},"content":{"rendered":"\t\t<div data-elementor-type=\"wp-page\" data-elementor-id=\"1925\" class=\"elementor elementor-1925\" data-elementor-post-type=\"page\">\n\t\t\t\t<div class=\"elementor-element elementor-element-729346b e-flex e-con-boxed e-con e-parent\" data-id=\"729346b\" data-element_type=\"container\" data-e-type=\"container\">\n\t\t\t\t\t<div class=\"e-con-inner\">\n\t\t\t\t<div class=\"elementor-element elementor-element-dc7a473 elementor-widget elementor-widget-text-editor\" data-id=\"dc7a473\" data-element_type=\"widget\" data-e-type=\"widget\" data-widget_type=\"text-editor.default\">\n\t\t\t\t<div class=\"elementor-widget-container\">\n\t\t\t\t\t\t\t\t\t<p><b>Ce sunt &#8222;cookie&#8221;-urile?<\/b><\/p>\n<p>Potrivit enciclopediei online Wikipedia, &#8222;un cookie <b>HTTP <\/b>sau un modul cookie este un text special, deseori codificat, trimis de un server unui navigator web \u0219i apoi trimis \u00eenapoi (nemodificat) de c\u0103tre navigator, de fiecare dat\u0103 c\u00e2nd acceseaz\u0103 acel server. Cookie-urile sunt folosite pentru autentificare, precum \u0219i pentru urm\u0103rirea comportamentului utilizatorilor; aplica\u021bii tipice sunt re\u021binerea preferin\u021belor utilizatorilor \u0219i implementarea sistemului de \u201eco\u0219 de cump\u0103r\u0103turi\u201d. Termenul \u201ecookie\u201d este un cuv\u00e2nt englez (biscuit, pronun\u021bie: \/\u02c8ku\u02ccki\/). \u00cen informatic\u0103, el este derivat din termenul \u201emagic cookie\u201d, un concept des utilizat \u00een IT. \u00cen general, cuv\u00e2ntul \u201ecookie\u201d cu acest sens este folosit \u0219i \u00een alte limbi; <b>[&#8230;]&nbsp;<\/b><\/p>\n<p>Cele mai multe navigatoare moderne permit utilizatorului s\u0103 decid\u0103 dac\u0103 accept\u0103 sau nu cookie-uri. Siturilor care le refuz\u0103 le vor lipsi \u00eens\u0103 anumite facilit\u0103\u021bi &#8211; de exemplu, \u00eentr-un magazin virtual nu se va mai putea folosi co\u0219ul de cump\u0103r\u0103turi, dac\u0103 acesta a fost implementat cu ajutorul cookie-urilor.&#8221; <b>[<a href=\"http:\/\/sursa: https:\/\/ro.wikipedia.org\/wiki\/Cookie\" target=\"_blank\">aici<\/a>]<\/b><\/p>\n<p>Deoarece tot ce \u021bine de internet, inclusiv cookie-urile, reprezint\u0103 un subiect relativ recent, doar timpul va ar\u0103ta dac\u0103 acestea vor deveni abuzuri sau vor deveni un standard acceptat pe internet. G\u0103sim important \u00eens\u0103 ca utilizatorii s\u0103 fie informa\u021bi, s\u0103 \u0219tie ce sunt cookie-urile, ce con\u021bin, cine \u0219i \u00een ce scop le utilizeaz\u0103. Mai multe informa\u021bii g\u0103se\u0219ti&nbsp;<b>[<\/b><a href=\"http:\/\/www.cookiecentral.com\" target=\"_blank\"><b>aici<\/b><\/a><b>]<\/b><\/p>\n<p>Pe scurt, cookie-urile nu stocheaz\u0103 informa\u021bii de identificare a utilizatorului ci informa\u021bii privind activitatea lui pe site: ce navigator utilizeaz\u0103, din ce re\u021bea acceseaz\u0103 site-ul, cu ce fel de dispozitiv acceseaz\u0103 site-ul, ce pagini viziteaz\u0103, etc.<\/p>\n<p><b>Ce cookie-uri folose\u0219te site-ul www.pddvitalmm.ro?<\/b><\/p>\n<p>Site-ul nostru folose\u0219te dou\u0103 feluri de cookie: cookie-uri func\u021bionale, pentru ajustarea la condi\u021biile utilizatorului\/browserului \u0219i cookie-uri de analiz\u0103 a traficului, google analytics, de la Google. Cookie-urile func\u021bionale sunt necesare pentru buna func\u021bionare a sitului, pentru adaptarea lui la dispozitivul utilizatorului. Cookie-urile de analiz\u0103 ne ajut\u0103 s\u0103 \u00een\u021belegem mai bine comportamentul utilizatorilor, care sunt cele mai frecventate zone ale site-ului, din ce zone geografice \u0219i cu ce dispozitive este accesat site-ul, astfel \u00eenc\u00e2t s\u0103 putem oferi \u00een timp servicii mai bune, \u00een baza acestor informa\u021bii.<\/p>\n<p><b>Care este modalitatea prin care pot refuza sau accepta cookie-urile emise de www.pddvitalmm.ro?<\/b><\/p>\n<p>\u00cencerc\u0103m s\u0103 men\u021binem la minimum num\u0103rul de cookie-uri utilizate \u0219i informa\u021biile pe care acestea le stocheaz\u0103. Dac\u0103 totu\u0219i dori\u021bi s\u0103 nu mai primi\u021bi (sau ulterior s\u0103 reprimi\u021bi) cookie-uri de pe site-ul www.pddvitalmm.ro, \u00een func\u021bie de navigatorul dvs. de internet, ave\u021bi posibilitatea de a opta pentru primirea sau respingerea tuturor cookie-urilor sau pute\u021bi opta pentru acceptarea sau respingerea cookie-urilor de la un anumit site.&nbsp;<\/p>\n<p>De obicei aceste op\u021biuni pot fi exprimate \u00een navigatorul dvs. pentru internet (de exemplu <b>Firefox<\/b>) \u00een meniul &#8222;Preferin\u021be (preferences) -&gt; Securitate &amp; via\u021b\u0103 privat\u0103 (<b>privacy<\/b> &amp; security) &#8211; Cookie-uri \u0219i date de la site-uri (cookies and site data) -&gt; accept\u0103\/blocheaz\u0103 cookie-uri sau excep\u021bii [pentru mai multe detalii vezi \u0219i&nbsp;<a href=\"https:\/\/cookies.apti.ro\/\" target=\"_blank\"><b>aici<\/b><\/a>].<\/p>\t\t\t\t\t\t\t\t<\/div>\n\t\t\t\t<\/div>\n\t\t\t\t\t<\/div>\n\t\t\t\t<\/div>\n\t\t\t\t<\/div>\n\t\t","protected":false},"excerpt":{"rendered":"<p>Ce sunt &#8222;cookie&#8221;-urile? Potrivit enciclopediei online Wikipedia, &#8222;un cookie HTTP sau un modul cookie este un text special, deseori codificat, trimis de un server unui navigator web \u0219i apoi trimis&hellip;<\/p>","protected":false},"author":1,"featured_media":0,"parent":0,"menu_order":0,"comment_status":"closed","ping_status":"closed","template":"","meta":{"pagelayer_contact_templates":[],"_pagelayer_content":"","footnotes":""},"class_list":["post-1925","page","type-page","status-publish","hentry"],"_links":{"self":[{"href":"https:\/\/www.pddvitalmm.ro\/en\/wp-json\/wp\/v2\/pages\/1925","targetHints":{"allow":["GET"]}}],"collection":[{"href":"https:\/\/www.pddvitalmm.ro\/en\/wp-json\/wp\/v2\/pages"}],"about":[{"href":"https:\/\/www.pddvitalmm.ro\/en\/wp-json\/wp\/v2\/types\/page"}],"author":[{"embeddable":true,"href":"https:\/\/www.pddvitalmm.ro\/en\/wp-json\/wp\/v2\/users\/1"}],"replies":[{"embeddable":true,"href":"https:\/\/www.pddvitalmm.ro\/en\/wp-json\/wp\/v2\/comments?post=1925"}],"version-history":[{"count":41,"href":"https:\/\/www.pddvitalmm.ro\/en\/wp-json\/wp\/v2\/pages\/1925\/revisions"}],"predecessor-version":[{"id":2685,"href":"https:\/\/www.pddvitalmm.ro\/en\/wp-json\/wp\/v2\/pages\/1925\/revisions\/2685"}],"wp:attachment":[{"href":"https:\/\/www.pddvitalmm.ro\/en\/wp-json\/wp\/v2\/media?parent=1925"}],"curies":[{"name":"wp","href":"https:\/\/api.w.org\/{rel}","templated":true}]}}