{"id":51,"date":"2025-02-04T11:06:11","date_gmt":"2025-02-04T11:06:11","guid":{"rendered":"https:\/\/www.pddvitalmm.ro\/?page_id=51"},"modified":"2025-02-26T07:24:44","modified_gmt":"2025-02-26T07:24:44","slug":"autorizatii-de-construire","status":"publish","type":"page","link":"https:\/\/www.pddvitalmm.ro\/en\/autorizatii-de-construire\/","title":{"rendered":"CONSTRUCTION AUTHORIZATIONS"},"content":{"rendered":"<div data-elementor-type=\"wp-page\" data-elementor-id=\"51\" class=\"elementor elementor-51\" data-elementor-post-type=\"page\">\n\t\t\t\t<div class=\"elementor-element elementor-element-6d3bdc6 e-flex e-con-boxed e-con e-parent\" data-id=\"6d3bdc6\" data-element_type=\"container\" data-e-type=\"container\">\n\t\t\t\t\t<div class=\"e-con-inner\">\n\t\t\t\t<div class=\"elementor-element elementor-element-c2f270a elementor-widget elementor-widget-text-editor\" data-id=\"c2f270a\" data-element_type=\"widget\" data-e-type=\"widget\" data-widget_type=\"text-editor.default\">\n\t\t\t\t<div class=\"elementor-widget-container\">\n\t\t\t\t\t\t\t\t\t\n\n\n\n\n\n\n\n\n\n\n\n\n\n\t\t\t\t\t\t\t\t<\/div>\n\t\t\t\t<\/div>\n\t\t\t\t\t<\/div>\n\t\t\t\t<\/div>\n\t\t<div class=\"elementor-element elementor-element-20a1334 e-flex e-con-boxed e-con e-parent\" data-id=\"20a1334\" data-element_type=\"container\" data-e-type=\"container\">\n\t\t\t\t\t<div class=\"e-con-inner\">\n\t\t\t\t<div class=\"elementor-element elementor-element-f7eb007 elementor-grid-2 elementor-posts--align-center elementor-grid-tablet-2 elementor-grid-mobile-1 elementor-posts--thumbnail-top elementor-widget elementor-widget-posts\" data-id=\"f7eb007\" data-element_type=\"widget\" data-e-type=\"widget\" data-settings=\"{&quot;classic_columns&quot;:&quot;2&quot;,&quot;classic_columns_tablet&quot;:&quot;2&quot;,&quot;classic_columns_mobile&quot;:&quot;1&quot;,&quot;classic_row_gap&quot;:{&quot;unit&quot;:&quot;px&quot;,&quot;size&quot;:35,&quot;sizes&quot;:[]},&quot;classic_row_gap_tablet&quot;:{&quot;unit&quot;:&quot;px&quot;,&quot;size&quot;:&quot;&quot;,&quot;sizes&quot;:[]},&quot;classic_row_gap_mobile&quot;:{&quot;unit&quot;:&quot;px&quot;,&quot;size&quot;:&quot;&quot;,&quot;sizes&quot;:[]}}\" data-widget_type=\"posts.classic\">\n\t\t\t\t<div class=\"elementor-widget-container\">\n\t\t\t\t\t\t\t<div class=\"elementor-posts-container elementor-posts elementor-posts--skin-classic elementor-grid\" role=\"list\">\n\t\t\t\t<article class=\"elementor-post elementor-grid-item post-6197 post type-post status-publish format-standard has-post-thumbnail hentry category-autorizatie\" role=\"listitem\">\n\t\t\t\t<a class=\"elementor-post__thumbnail__link\" href=\"https:\/\/www.pddvitalmm.ro\/en\/2025\/10\/10\/autorizatie-de-construire-mm-cl-10-retele-apa-si-apa-uzata-viseu-de-sus-bocicoiu-mare-poienile-de-sub-munte\/\" tabindex=\"-1\" target=\"&quot;_blank&quot;\">\n\t\t\t<div class=\"elementor-post__thumbnail\"><img fetchpriority=\"high\" decoding=\"async\" width=\"680\" height=\"249\" src=\"https:\/\/www.pddvitalmm.ro\/wp-content\/uploads\/2025\/03\/uponor_pe-xa_sistemp_igienic_tevi_alimentare_apa_preview-e1741675674467.jpg\" class=\"attachment-full size-full wp-image-3342\" alt=\"\" srcset=\"https:\/\/www.pddvitalmm.ro\/wp-content\/uploads\/2025\/03\/uponor_pe-xa_sistemp_igienic_tevi_alimentare_apa_preview-e1741675674467.jpg 680w, https:\/\/www.pddvitalmm.ro\/wp-content\/uploads\/2025\/03\/uponor_pe-xa_sistemp_igienic_tevi_alimentare_apa_preview-e1741675674467-300x110.jpg 300w, https:\/\/www.pddvitalmm.ro\/wp-content\/uploads\/2025\/03\/uponor_pe-xa_sistemp_igienic_tevi_alimentare_apa_preview-e1741675674467-18x7.jpg 18w\" sizes=\"(max-width: 680px) 100vw, 680px\" \/><\/div>\n\t\t<\/a>\n\t\t\t\t<div class=\"elementor-post__text\">\n\t\t\t\t<h3 class=\"elementor-post__title\">\n\t\t\t<a href=\"https:\/\/www.pddvitalmm.ro\/en\/2025\/10\/10\/autorizatie-de-construire-mm-cl-10-retele-apa-si-apa-uzata-viseu-de-sus-bocicoiu-mare-poienile-de-sub-munte\/\" target=\"&quot;_blank&quot;\">\n\t\t\t\tAutoriza\u021bie de Construire MM-CL-10 Re\u021bele ap\u0103 \u0219i ap\u0103 uzat\u0103: Vi\u0219eu de Sus, Bocicoiu Mare, Poienile de Sub Munte\t\t\t<\/a>\n\t\t<\/h3>\n\t\t\t\t<div class=\"elementor-post__meta-data\">\n\t\t\t\t\t<span class=\"elementor-post-date\">\n\t\t\tOctober 10, 2025\t\t<\/span>\n\t\t\t\t<span class=\"elementor-post-avatar\">\n\t\t\tNo Comments\t\t<\/span>\n\t\t\t\t<\/div>\n\t\t\t\t\t<div class=\"elementor-post__read-more-wrapper\">\n\t\t\n\t\t<a class=\"elementor-post__read-more\" href=\"https:\/\/www.pddvitalmm.ro\/en\/2025\/10\/10\/autorizatie-de-construire-mm-cl-10-retele-apa-si-apa-uzata-viseu-de-sus-bocicoiu-mare-poienile-de-sub-munte\/\" aria-label=\"Read more about Autoriza\u021bie de Construire MM-CL-10 Re\u021bele ap\u0103 \u0219i ap\u0103 uzat\u0103: Vi\u0219eu de Sus, Bocicoiu Mare, Poienile de Sub Munte\" tabindex=\"-1\" target=\"_blank\">\n\t\t\tREAD MORE\t\t<\/a>\n\n\t\t\t\t\t<\/div>\n\t\t\t\t<\/div>\n\t\t\t\t<\/article>\n\t\t\t\t<article class=\"elementor-post elementor-grid-item post-5356 post type-post status-publish format-standard has-post-thumbnail hentry category-autorizatie\" role=\"listitem\">\n\t\t\t\t<a class=\"elementor-post__thumbnail__link\" href=\"https:\/\/www.pddvitalmm.ro\/en\/2025\/08\/04\/autorizatie-de-construire-mm-cl-09-retele-apa-si-apa-uzata-sighetu-marmatiei-vadu-izei-sarasau-campulung-la-tisa-remeti\/\" tabindex=\"-1\" target=\"&quot;_blank&quot;\">\n\t\t\t<div class=\"elementor-post__thumbnail\"><img decoding=\"async\" width=\"1020\" height=\"574\" src=\"https:\/\/www.pddvitalmm.ro\/wp-content\/uploads\/2025\/02\/canalizare-robinet-567898765-722x420-1.webp\" class=\"attachment-full size-full wp-image-1452\" alt=\"\" srcset=\"https:\/\/www.pddvitalmm.ro\/wp-content\/uploads\/2025\/02\/canalizare-robinet-567898765-722x420-1.webp 1020w, https:\/\/www.pddvitalmm.ro\/wp-content\/uploads\/2025\/02\/canalizare-robinet-567898765-722x420-1-300x169.webp 300w, https:\/\/www.pddvitalmm.ro\/wp-content\/uploads\/2025\/02\/canalizare-robinet-567898765-722x420-1-768x432.webp 768w\" sizes=\"(max-width: 1020px) 100vw, 1020px\" \/><\/div>\n\t\t<\/a>\n\t\t\t\t<div class=\"elementor-post__text\">\n\t\t\t\t<h3 class=\"elementor-post__title\">\n\t\t\t<a href=\"https:\/\/www.pddvitalmm.ro\/en\/2025\/08\/04\/autorizatie-de-construire-mm-cl-09-retele-apa-si-apa-uzata-sighetu-marmatiei-vadu-izei-sarasau-campulung-la-tisa-remeti\/\" target=\"&quot;_blank&quot;\">\n\t\t\t\tConstruction authorization MM-CL-09 \u2013 Water and wastewater networks: Sighetu Marmatiei, Vadu Izei, Sarasau, Campulung la Tisa, Remeti\t\t\t<\/a>\n\t\t<\/h3>\n\t\t\t\t<div class=\"elementor-post__meta-data\">\n\t\t\t\t\t<span class=\"elementor-post-date\">\n\t\t\tAugust 4, 2025\t\t<\/span>\n\t\t\t\t<span class=\"elementor-post-avatar\">\n\t\t\tNo Comments\t\t<\/span>\n\t\t\t\t<\/div>\n\t\t\t\t\t<div class=\"elementor-post__read-more-wrapper\">\n\t\t\n\t\t<a class=\"elementor-post__read-more\" href=\"https:\/\/www.pddvitalmm.ro\/en\/2025\/08\/04\/autorizatie-de-construire-mm-cl-09-retele-apa-si-apa-uzata-sighetu-marmatiei-vadu-izei-sarasau-campulung-la-tisa-remeti\/\" aria-label=\"Read more about Autoriza\u021bie de Construire MM-CL-09 Re\u021bele ap\u0103 \u0219i ap\u0103 uzat\u0103: Sighetu Marma\u021biei, Vadu Izei, Saras\u0103u, C\u00e2mpulung la Tisa, Reme\u021bi\" tabindex=\"-1\" target=\"_blank\">\n\t\t\tREAD MORE\t\t<\/a>\n\n\t\t\t\t\t<\/div>\n\t\t\t\t<\/div>\n\t\t\t\t<\/article>\n\t\t\t\t<article class=\"elementor-post elementor-grid-item post-5058 post type-post status-publish format-standard has-post-thumbnail hentry category-autorizatie\" role=\"listitem\">\n\t\t\t\t<a class=\"elementor-post__thumbnail__link\" href=\"https:\/\/www.pddvitalmm.ro\/en\/2025\/07\/17\/autorizatie-de-construire-mm-cl-08-retele-de-apa-si-apa-uzata-coltau-sacalaseni-copalnic-manastur-cicarlau-seini-satulung\/\" tabindex=\"-1\" target=\"&quot;_blank&quot;\">\n\t\t\t<div class=\"elementor-post__thumbnail\"><img decoding=\"async\" width=\"600\" height=\"400\" src=\"https:\/\/www.pddvitalmm.ro\/wp-content\/uploads\/2025\/04\/Conest_proiecte-jud-Iasi.jpg\" class=\"attachment-full size-full wp-image-3743\" alt=\"\" srcset=\"https:\/\/www.pddvitalmm.ro\/wp-content\/uploads\/2025\/04\/Conest_proiecte-jud-Iasi.jpg 600w, https:\/\/www.pddvitalmm.ro\/wp-content\/uploads\/2025\/04\/Conest_proiecte-jud-Iasi-300x200.jpg 300w, https:\/\/www.pddvitalmm.ro\/wp-content\/uploads\/2025\/04\/Conest_proiecte-jud-Iasi-18x12.jpg 18w\" sizes=\"(max-width: 600px) 100vw, 600px\" \/><\/div>\n\t\t<\/a>\n\t\t\t\t<div class=\"elementor-post__text\">\n\t\t\t\t<h3 class=\"elementor-post__title\">\n\t\t\t<a href=\"https:\/\/www.pddvitalmm.ro\/en\/2025\/07\/17\/autorizatie-de-construire-mm-cl-08-retele-de-apa-si-apa-uzata-coltau-sacalaseni-copalnic-manastur-cicarlau-seini-satulung\/\" target=\"&quot;_blank&quot;\">\n\t\t\t\tBuilding Permit MM-CL-08 Water and Wastewater Networks: Col\u021b\u0103u, S\u0103c\u0103l\u0103\u0219eni, Copalnic M\u0103n\u0103\u0219tur, Cic\u00e2rl\u0103u, Seini, Satulung\t\t\t<\/a>\n\t\t<\/h3>\n\t\t\t\t<div class=\"elementor-post__meta-data\">\n\t\t\t\t\t<span class=\"elementor-post-date\">\n\t\t\tJuly 17, 2025\t\t<\/span>\n\t\t\t\t<span class=\"elementor-post-avatar\">\n\t\t\tNo Comments\t\t<\/span>\n\t\t\t\t<\/div>\n\t\t\t\t\t<div class=\"elementor-post__read-more-wrapper\">\n\t\t\n\t\t<a class=\"elementor-post__read-more\" href=\"https:\/\/www.pddvitalmm.ro\/en\/2025\/07\/17\/autorizatie-de-construire-mm-cl-08-retele-de-apa-si-apa-uzata-coltau-sacalaseni-copalnic-manastur-cicarlau-seini-satulung\/\" aria-label=\"Read more about Autoriza\u021bie de Construire MM-CL-08 Re\u021bele de ap\u0103 \u0219i ap\u0103 uzat\u0103: Col\u021b\u0103u, S\u0103c\u0103l\u0103\u0219eni, Copalnic M\u0103n\u0103\u0219tur, Cic\u00e2rl\u0103u, Seini, Satulung\" tabindex=\"-1\" target=\"_blank\">\n\t\t\tREAD MORE\t\t<\/a>\n\n\t\t\t\t\t<\/div>\n\t\t\t\t<\/div>\n\t\t\t\t<\/article>\n\t\t\t\t<article class=\"elementor-post elementor-grid-item post-3741 post type-post status-publish format-standard has-post-thumbnail hentry category-autorizatie\" role=\"listitem\">\n\t\t\t\t<a class=\"elementor-post__thumbnail__link\" href=\"https:\/\/www.pddvitalmm.ro\/en\/2025\/04\/09\/autorizatie-de-construire-mm-cl-11-retele-apa-si-apa-uzata-targu-lapus-ulmeni-cavnic-miresu-mare-suciu-de-sus-ardusat\/\" tabindex=\"-1\" target=\"&quot;_blank&quot;\">\n\t\t\t<div class=\"elementor-post__thumbnail\"><img decoding=\"async\" width=\"600\" height=\"400\" src=\"https:\/\/www.pddvitalmm.ro\/wp-content\/uploads\/2025\/04\/Conest_proiecte-jud-Iasi.jpg\" class=\"attachment-full size-full wp-image-3743\" alt=\"\" srcset=\"https:\/\/www.pddvitalmm.ro\/wp-content\/uploads\/2025\/04\/Conest_proiecte-jud-Iasi.jpg 600w, https:\/\/www.pddvitalmm.ro\/wp-content\/uploads\/2025\/04\/Conest_proiecte-jud-Iasi-300x200.jpg 300w, https:\/\/www.pddvitalmm.ro\/wp-content\/uploads\/2025\/04\/Conest_proiecte-jud-Iasi-18x12.jpg 18w\" sizes=\"(max-width: 600px) 100vw, 600px\" \/><\/div>\n\t\t<\/a>\n\t\t\t\t<div class=\"elementor-post__text\">\n\t\t\t\t<h3 class=\"elementor-post__title\">\n\t\t\t<a href=\"https:\/\/www.pddvitalmm.ro\/en\/2025\/04\/09\/autorizatie-de-construire-mm-cl-11-retele-apa-si-apa-uzata-targu-lapus-ulmeni-cavnic-miresu-mare-suciu-de-sus-ardusat\/\" target=\"&quot;_blank&quot;\">\n\t\t\t\tConstruction Authorization No. MM-CL-11 \u2013 Water Supply and Wastewater Network Infrastructure: Targu Lapus, Ulmeni, Cavnic, Miresu Mare, Suciu de Sus, Ardusat\t\t\t<\/a>\n\t\t<\/h3>\n\t\t\t\t<div class=\"elementor-post__meta-data\">\n\t\t\t\t\t<span class=\"elementor-post-date\">\n\t\t\tApril 9, 2025\t\t<\/span>\n\t\t\t\t<span class=\"elementor-post-avatar\">\n\t\t\tNo Comments\t\t<\/span>\n\t\t\t\t<\/div>\n\t\t\t\t\t<div class=\"elementor-post__read-more-wrapper\">\n\t\t\n\t\t<a class=\"elementor-post__read-more\" href=\"https:\/\/www.pddvitalmm.ro\/en\/2025\/04\/09\/autorizatie-de-construire-mm-cl-11-retele-apa-si-apa-uzata-targu-lapus-ulmeni-cavnic-miresu-mare-suciu-de-sus-ardusat\/\" aria-label=\"Read more about Autoriza\u021bie de Construire MM-CL-11 &#8211; Re\u021bele ap\u0103 \u0219i ap\u0103 uzat\u0103: T\u00e2rgu L\u0103pu\u0219, Ulmeni, Cavnic, Mire\u0219u Mare, Suciu de Sus, Ardusat\" tabindex=\"-1\" target=\"_blank\">\n\t\t\tREAD MORE\t\t<\/a>\n\n\t\t\t\t\t<\/div>\n\t\t\t\t<\/div>\n\t\t\t\t<\/article>\n\t\t\t\t<article class=\"elementor-post elementor-grid-item post-2866 post type-post status-publish format-standard has-post-thumbnail hentry category-autorizatie\" role=\"listitem\">\n\t\t\t\t<a class=\"elementor-post__thumbnail__link\" href=\"https:\/\/www.pddvitalmm.ro\/en\/2025\/02\/27\/autorizatie-de-construire-mm-cl-07-retele-de-apa-si-apa-uzata-tautii-magheraus-recea-baia-sprie-sisesti\/\" tabindex=\"-1\" target=\"&quot;_blank&quot;\">\n\t\t\t<div class=\"elementor-post__thumbnail\"><img loading=\"lazy\" decoding=\"async\" width=\"670\" height=\"447\" src=\"https:\/\/www.pddvitalmm.ro\/wp-content\/uploads\/2025\/02\/Ce-lucrari-poti-efectua-fara-autorizatie-de-construire-20.05.jpg\" class=\"attachment-full size-full wp-image-2868\" alt=\"\" srcset=\"https:\/\/www.pddvitalmm.ro\/wp-content\/uploads\/2025\/02\/Ce-lucrari-poti-efectua-fara-autorizatie-de-construire-20.05.jpg 670w, https:\/\/www.pddvitalmm.ro\/wp-content\/uploads\/2025\/02\/Ce-lucrari-poti-efectua-fara-autorizatie-de-construire-20.05-300x200.jpg 300w, https:\/\/www.pddvitalmm.ro\/wp-content\/uploads\/2025\/02\/Ce-lucrari-poti-efectua-fara-autorizatie-de-construire-20.05-18x12.jpg 18w\" sizes=\"(max-width: 670px) 100vw, 670px\" \/><\/div>\n\t\t<\/a>\n\t\t\t\t<div class=\"elementor-post__text\">\n\t\t\t\t<h3 class=\"elementor-post__title\">\n\t\t\t<a href=\"https:\/\/www.pddvitalmm.ro\/en\/2025\/02\/27\/autorizatie-de-construire-mm-cl-07-retele-de-apa-si-apa-uzata-tautii-magheraus-recea-baia-sprie-sisesti\/\" target=\"&quot;_blank&quot;\">\n\t\t\t\tConstruction Authorisation MM-CL-07 \u2013 Water and Wastewater Networks: Tautii Magheraus, Recea, Baia Sprie, Sisesti\t\t\t<\/a>\n\t\t<\/h3>\n\t\t\t\t<div class=\"elementor-post__meta-data\">\n\t\t\t\t\t<span class=\"elementor-post-date\">\n\t\t\tFebruary 27, 2025\t\t<\/span>\n\t\t\t\t<span class=\"elementor-post-avatar\">\n\t\t\tNo Comments\t\t<\/span>\n\t\t\t\t<\/div>\n\t\t\t\t\t<div class=\"elementor-post__read-more-wrapper\">\n\t\t\n\t\t<a class=\"elementor-post__read-more\" href=\"https:\/\/www.pddvitalmm.ro\/en\/2025\/02\/27\/autorizatie-de-construire-mm-cl-07-retele-de-apa-si-apa-uzata-tautii-magheraus-recea-baia-sprie-sisesti\/\" aria-label=\"Read more about Autoriza\u021bie de Construire MM-CL-07 &#8211; Re\u021bele de ap\u0103 \u0219i ap\u0103 uzat\u0103: T\u0103u\u021bii M\u0103gher\u0103u\u0219, Recea, Baia Sprie, \u0218i\u0219e\u0219ti\" tabindex=\"-1\" target=\"_blank\">\n\t\t\tREAD MORE\t\t<\/a>\n\n\t\t\t\t\t<\/div>\n\t\t\t\t<\/div>\n\t\t\t\t<\/article>\n\t\t\t\t<article class=\"elementor-post elementor-grid-item post-1251 post type-post status-publish format-standard has-post-thumbnail hentry category-autorizatie\" role=\"listitem\">\n\t\t\t\t<a class=\"elementor-post__thumbnail__link\" href=\"https:\/\/www.pddvitalmm.ro\/en\/2025\/01\/20\/autorizatie-de-construire-mm-cl-06\/\" tabindex=\"-1\" target=\"&quot;_blank&quot;\">\n\t\t\t<div class=\"elementor-post__thumbnail\"><img loading=\"lazy\" decoding=\"async\" width=\"923\" height=\"529\" src=\"https:\/\/www.pddvitalmm.ro\/wp-content\/uploads\/2025\/01\/Picture5.jpg\" class=\"attachment-full size-full wp-image-2338\" alt=\"\" srcset=\"https:\/\/www.pddvitalmm.ro\/wp-content\/uploads\/2025\/01\/Picture5.jpg 923w, https:\/\/www.pddvitalmm.ro\/wp-content\/uploads\/2025\/01\/Picture5-300x172.jpg 300w, https:\/\/www.pddvitalmm.ro\/wp-content\/uploads\/2025\/01\/Picture5-768x440.jpg 768w, https:\/\/www.pddvitalmm.ro\/wp-content\/uploads\/2025\/01\/Picture5-18x10.jpg 18w\" sizes=\"(max-width: 923px) 100vw, 923px\" \/><\/div>\n\t\t<\/a>\n\t\t\t\t<div class=\"elementor-post__text\">\n\t\t\t\t<h3 class=\"elementor-post__title\">\n\t\t\t<a href=\"https:\/\/www.pddvitalmm.ro\/en\/2025\/01\/20\/autorizatie-de-construire-mm-cl-06\/\" target=\"&quot;_blank&quot;\">\n\t\t\t\tConstruction Authorisation MM-CL-06 \u2013 Water and Wastewater Networks Baia Mare\t\t\t<\/a>\n\t\t<\/h3>\n\t\t\t\t<div class=\"elementor-post__meta-data\">\n\t\t\t\t\t<span class=\"elementor-post-date\">\n\t\t\tJanuary 20, 2025\t\t<\/span>\n\t\t\t\t<span class=\"elementor-post-avatar\">\n\t\t\tNo Comments\t\t<\/span>\n\t\t\t\t<\/div>\n\t\t\t\t\t<div class=\"elementor-post__read-more-wrapper\">\n\t\t\n\t\t<a class=\"elementor-post__read-more\" href=\"https:\/\/www.pddvitalmm.ro\/en\/2025\/01\/20\/autorizatie-de-construire-mm-cl-06\/\" aria-label=\"Read more about Autoriza\u021bie de Construire MM-CL-06 &#8211; Re\u021bele de ap\u0103 \u0219i ap\u0103 uzat\u0103 Baia Mare\" tabindex=\"-1\" target=\"_blank\">\n\t\t\tREAD MORE\t\t<\/a>\n\n\t\t\t\t\t<\/div>\n\t\t\t\t<\/div>\n\t\t\t\t<\/article>\n\t\t\t\t<\/div>\n\t\t\n\t\t\t\t\t\t<\/div>\n\t\t\t\t<\/div>\n\t\t\t\t\t<\/div>\n\t\t\t\t<\/div>\n\t\t\t\t<\/div>","protected":false},"excerpt":{"rendered":"","protected":false},"author":1,"featured_media":0,"parent":0,"menu_order":0,"comment_status":"closed","ping_status":"closed","template":"","meta":{"pagelayer_contact_templates":[],"_pagelayer_content":"","footnotes":""},"class_list":["post-51","page","type-page","status-publish","hentry"],"_links":{"self":[{"href":"https:\/\/www.pddvitalmm.ro\/en\/wp-json\/wp\/v2\/pages\/51","targetHints":{"allow":["GET"]}}],"collection":[{"href":"https:\/\/www.pddvitalmm.ro\/en\/wp-json\/wp\/v2\/pages"}],"about":[{"href":"https:\/\/www.pddvitalmm.ro\/en\/wp-json\/wp\/v2\/types\/page"}],"author":[{"embeddable":true,"href":"https:\/\/www.pddvitalmm.ro\/en\/wp-json\/wp\/v2\/users\/1"}],"replies":[{"embeddable":true,"href":"https:\/\/www.pddvitalmm.ro\/en\/wp-json\/wp\/v2\/comments?post=51"}],"version-history":[{"count":43,"href":"https:\/\/www.pddvitalmm.ro\/en\/wp-json\/wp\/v2\/pages\/51\/revisions"}],"predecessor-version":[{"id":3742,"href":"https:\/\/www.pddvitalmm.ro\/en\/wp-json\/wp\/v2\/pages\/51\/revisions\/3742"}],"wp:attachment":[{"href":"https:\/\/www.pddvitalmm.ro\/en\/wp-json\/wp\/v2\/media?parent=51"}],"curies":[{"name":"wp","href":"https:\/\/api.w.org\/{rel}","templated":true}]}}