{"id":1497,"date":"2025-02-18T06:59:38","date_gmt":"2025-02-18T06:59:38","guid":{"rendered":"https:\/\/www.pddvitalmm.ro\/?page_id=1497"},"modified":"2025-06-30T10:44:55","modified_gmt":"2025-06-30T10:44:55","slug":"giv","status":"publish","type":"page","link":"https:\/\/www.pddvitalmm.ro\/ro\/giv\/","title":{"rendered":"GIV"},"content":{"rendered":"\t\t<div data-elementor-type=\"wp-page\" data-elementor-id=\"1497\" class=\"elementor elementor-1497\" data-elementor-post-type=\"page\">\n\t\t\t\t<div class=\"elementor-element elementor-element-69504e4 e-flex e-con-boxed e-con e-parent\" data-id=\"69504e4\" data-element_type=\"container\" data-e-type=\"container\">\n\t\t\t\t\t<div class=\"e-con-inner\">\n\t\t<div class=\"elementor-element elementor-element-e55d6ab e-con-full e-flex e-con e-child\" data-id=\"e55d6ab\" data-element_type=\"container\" data-e-type=\"container\">\n\t\t\t\t<div class=\"elementor-element elementor-element-feb32af elementor-widget elementor-widget-image\" data-id=\"feb32af\" data-element_type=\"widget\" data-e-type=\"widget\" data-widget_type=\"image.default\">\n\t\t\t\t<div class=\"elementor-widget-container\">\n\t\t\t\t\t\t\t\t\t\t\t\t\t\t\t<img fetchpriority=\"high\" decoding=\"async\" width=\"365\" height=\"138\" src=\"https:\/\/www.pddvitalmm.ro\/wp-content\/uploads\/2025\/02\/images.png\" class=\"attachment-large size-large wp-image-1514\" alt=\"\" srcset=\"https:\/\/www.pddvitalmm.ro\/wp-content\/uploads\/2025\/02\/images.png 365w, https:\/\/www.pddvitalmm.ro\/wp-content\/uploads\/2025\/02\/images-300x113.png 300w\" sizes=\"(max-width: 365px) 100vw, 365px\" \/>\t\t\t\t\t\t\t\t\t\t\t\t\t\t\t<\/div>\n\t\t\t\t<\/div>\n\t\t\t\t<\/div>\n\t\t<div class=\"elementor-element elementor-element-4990b78 e-con-full e-flex e-con e-child\" data-id=\"4990b78\" data-element_type=\"container\" data-e-type=\"container\">\n\t\t\t\t<div class=\"elementor-element elementor-element-50f691e elementor-widget elementor-widget-text-editor\" data-id=\"50f691e\" data-element_type=\"widget\" data-e-type=\"widget\" data-widget_type=\"text-editor.default\">\n\t\t\t\t<div class=\"elementor-widget-container\">\n\t\t\t\t\t\t\t\t\t<div class=\"flex max-w-full flex-col flex-grow\"><div class=\"min-h-8 text-message flex w-full flex-col items-end gap-2 whitespace-normal break-words text-start [.text-message+&amp;]:mt-5\" dir=\"auto\" data-message-author-role=\"assistant\" data-message-id=\"8baac156-425b-4685-b5d6-6256c2b2b519\" data-message-model-slug=\"gpt-4o-mini\"><div class=\"flex w-full flex-col gap-1 empty:hidden first:pt-[3px]\"><div class=\"markdown prose w-full break-words dark:prose-invert light\"><p data-start=\"0\" data-end=\"338\" data-is-last-node=\"\">Site-ul respect\u0103 <strong data-start=\"17\" data-end=\"49\">Ghidul de Identitate Vizual\u0103<\/strong> pentru perioada de programare 2021-2027, asigur\u00e2nd <strong data-start=\"101\" data-end=\"145\">vizibilitate, transparen\u021b\u0103 \u0219i comunicare<\/strong> conform cerin\u021belor stabilite. Toate elementele vizuale \u0219i informa\u021biile prezentate sunt aliniate la normele ghidului, promov\u00e2nd o comunicare clar\u0103 \u0219i accesibil\u0103 \u00een cadrul proiectelor finan\u021bate.<\/p><\/div><\/div><\/div><\/div>\t\t\t\t\t\t\t\t<\/div>\n\t\t\t\t<\/div>\n\t\t\t\t<\/div>\n\t\t\t\t\t<\/div>\n\t\t\t\t<\/div>\n\t\t<div class=\"elementor-element elementor-element-4f1f380 e-flex e-con-boxed e-con e-parent\" data-id=\"4f1f380\" data-element_type=\"container\" data-e-type=\"container\">\n\t\t\t\t\t<div class=\"e-con-inner\">\n\t\t\t\t<div class=\"elementor-element elementor-element-75430f9 elementor-align-center elementor-widget elementor-widget-button\" data-id=\"75430f9\" data-element_type=\"widget\" data-e-type=\"widget\" data-widget_type=\"button.default\">\n\t\t\t\t<div class=\"elementor-widget-container\">\n\t\t\t\t\t\t\t\t\t<div class=\"elementor-button-wrapper\">\n\t\t\t\t\t<a class=\"elementor-button elementor-button-link elementor-size-sm elementor-animation-pulse\" href=\"https:\/\/www.pddvitalmm.ro\/wp-content\/uploads\/2025\/06\/Ghid-de-identitate-vizuala_octombrie-2023-noiembrie-2023.pdf\" target=\"_blank\">\n\t\t\t\t\t\t<span class=\"elementor-button-content-wrapper\">\n\t\t\t\t\t\t\t\t\t<span class=\"elementor-button-text\">cite\u0219te mai mult<\/span>\n\t\t\t\t\t<\/span>\n\t\t\t\t\t<\/a>\n\t\t\t\t<\/div>\n\t\t\t\t\t\t\t\t<\/div>\n\t\t\t\t<\/div>\n\t\t\t\t\t<\/div>\n\t\t\t\t<\/div>\n\t\t\t\t<\/div>\n\t\t","protected":false},"excerpt":{"rendered":"<p>Site-ul respect\u0103 Ghidul de Identitate Vizual\u0103 pentru perioada de programare 2021-2027, asigur\u00e2nd vizibilitate, transparen\u021b\u0103 \u0219i comunicare conform cerin\u021belor stabilite. Toate elementele vizuale \u0219i informa\u021biile prezentate sunt aliniate la normele ghidului,&hellip;<\/p>\n","protected":false},"author":1,"featured_media":0,"parent":0,"menu_order":0,"comment_status":"closed","ping_status":"closed","template":"","meta":{"pagelayer_contact_templates":[],"_pagelayer_content":"","footnotes":""},"class_list":["post-1497","page","type-page","status-publish","hentry"],"_links":{"self":[{"href":"https:\/\/www.pddvitalmm.ro\/ro\/wp-json\/wp\/v2\/pages\/1497","targetHints":{"allow":["GET"]}}],"collection":[{"href":"https:\/\/www.pddvitalmm.ro\/ro\/wp-json\/wp\/v2\/pages"}],"about":[{"href":"https:\/\/www.pddvitalmm.ro\/ro\/wp-json\/wp\/v2\/types\/page"}],"author":[{"embeddable":true,"href":"https:\/\/www.pddvitalmm.ro\/ro\/wp-json\/wp\/v2\/users\/1"}],"replies":[{"embeddable":true,"href":"https:\/\/www.pddvitalmm.ro\/ro\/wp-json\/wp\/v2\/comments?post=1497"}],"version-history":[{"count":13,"href":"https:\/\/www.pddvitalmm.ro\/ro\/wp-json\/wp\/v2\/pages\/1497\/revisions"}],"predecessor-version":[{"id":4101,"href":"https:\/\/www.pddvitalmm.ro\/ro\/wp-json\/wp\/v2\/pages\/1497\/revisions\/4101"}],"wp:attachment":[{"href":"https:\/\/www.pddvitalmm.ro\/ro\/wp-json\/wp\/v2\/media?parent=1497"}],"curies":[{"name":"wp","href":"https:\/\/api.w.org\/{rel}","templated":true}]}}