{"id":169,"date":"2025-02-04T13:24:51","date_gmt":"2025-02-04T13:24:51","guid":{"rendered":"https:\/\/www.pddvitalmm.ro\/front_page\/"},"modified":"2025-07-18T13:11:16","modified_gmt":"2025-07-18T13:11:16","slug":"front_page","status":"publish","type":"page","link":"https:\/\/www.pddvitalmm.ro\/ro\/","title":{"rendered":"ACAS\u0102"},"content":{"rendered":"\n\n\n\nObiectiv\n\n\n\nScopul proiectului este de a \u00eembun\u0103t\u0103\u021bi infrastructura de ap\u0103 uzat\u0103 pentru a \u00eendeplini cerin\u021bele Directivei Europene referitoare la gestionarea apelor uzate \u00een zonele cu o popula\u021bie de peste 2.000 de locuitori echivalen\u021bi (l.e.). <br><br>\u00cen acela\u0219i timp, proiectul urm\u0103re\u0219te dezvoltarea \u0219i extinderea re\u021belelor de alimentare cu ap\u0103 \u00een localit\u0103\u021bile din jude\u021bul Maramure\u0219, pentru a \u00eendeplini standardele europene aplicabile localit\u0103\u021bilor cu peste 50 de locuitori, asigur\u00e2ndu-se astfel c\u0103 toate investi\u021biile sunt conforme cu reglement\u0103rile europene.\n\n\n\n\n\n\n\n\n\n\n\n\n\nGalerie foto semnare contracte\n\n\n\n02 februarie 2023\n\n\n\n\n\n\n\n\n\n\n\n\n\n\n\n\n\n\n\n\n\n\n\n\n\n\n\n\n\n\n\n\n\nValoare contract\n\n\n\n\n\n\n<h2> Titlul sec\u021biunii <\/h2>\n\n\n\n\n\n\nValoarea total\u0103 <strong>eligibil\u0103 <\/strong>a proiectului este de <strong>854.400.955,16 <\/strong>lei, din care:\n\n\n\n\n\n\n\n682.666.363,18 lei\n\n\n\nContribu\u021bia <strong>Uniunii Europene<\/strong>\n\n\n\n<p class=\"has-text-color has-link-color wp-elements-0067dd045a29a93640b87eb56c3f0db5\" style=\"color:#04315d;font-size:16px\">din<strong> Fondul de Coeziune<\/strong><\/p>\n\n\n\n\n\n104.407.796,71 lei\n\n\n\nContribu\u021bia de la\n\n\n\n<strong>Bugetul de Stat<\/strong>\n\n\n\n\n\n16.062.737,96 lei\n\n\n\nContribu\u021bia de la\n\n\n\n<strong>bugetele locale<\/strong>\n\n\n\n\n\n51.264.057,31 lei\n\n\n\nContribu\u021bia Beneficiarului\n\n\n\n<strong>SC VITAL SA<\/strong>\n\n\n\n","protected":false},"excerpt":{"rendered":"","protected":false},"author":1,"featured_media":0,"parent":0,"menu_order":0,"comment_status":"closed","ping_status":"closed","template":"page-templates\/frontpage.php","meta":{"pagelayer_contact_templates":[],"_pagelayer_content":"","footnotes":""},"class_list":["post-169","page","type-page","status-publish","hentry"],"_links":{"self":[{"href":"https:\/\/www.pddvitalmm.ro\/ro\/wp-json\/wp\/v2\/pages\/169","targetHints":{"allow":["GET"]}}],"collection":[{"href":"https:\/\/www.pddvitalmm.ro\/ro\/wp-json\/wp\/v2\/pages"}],"about":[{"href":"https:\/\/www.pddvitalmm.ro\/ro\/wp-json\/wp\/v2\/types\/page"}],"author":[{"embeddable":true,"href":"https:\/\/www.pddvitalmm.ro\/ro\/wp-json\/wp\/v2\/users\/1"}],"replies":[{"embeddable":true,"href":"https:\/\/www.pddvitalmm.ro\/ro\/wp-json\/wp\/v2\/comments?post=169"}],"version-history":[{"count":66,"href":"https:\/\/www.pddvitalmm.ro\/ro\/wp-json\/wp\/v2\/pages\/169\/revisions"}],"predecessor-version":[{"id":5118,"href":"https:\/\/www.pddvitalmm.ro\/ro\/wp-json\/wp\/v2\/pages\/169\/revisions\/5118"}],"wp:attachment":[{"href":"https:\/\/www.pddvitalmm.ro\/ro\/wp-json\/wp\/v2\/media?parent=169"}],"curies":[{"name":"wp","href":"https:\/\/api.w.org\/{rel}","templated":true}]}}